{"id":33,"date":"2025-11-26T04:28:56","date_gmt":"2025-11-26T10:28:56","guid":{"rendered":"https:\/\/terepasteleria.directorio-comercial.com\/?page_id=33"},"modified":"2025-12-09T17:56:22","modified_gmt":"2025-12-09T23:56:22","slug":"inico","status":"publish","type":"page","link":"https:\/\/terepasteleria.directorio-comercial.com\/","title":{"rendered":"Inicio"},"content":{"rendered":"\n<div class=\"wp-block-columns is-layout-flex wp-container-core-columns-is-layout-28f84493 wp-block-columns-is-layout-flex\">\n<div class=\"wp-block-column is-layout-flow wp-block-column-is-layout-flow\" style=\"flex-basis:2%\"><\/div>\n\n\n\n<div class=\"wp-block-column is-layout-flow wp-block-column-is-layout-flow\" style=\"flex-basis:96%\">\n<div class=\"wp-block-group is-content-justification-center is-nowrap is-layout-flex wp-container-core-group-is-layout-23441af8 wp-block-group-is-layout-flex\">\n<img loading=\"lazy\" decoding=\"async\" width=\"1583\" height=\"635\" data-media-id=\"43\" class=\"gb-media-7baf81e8\" alt=\"\" src=\"https:\/\/terepasteleria.directorio-comercial.com\/wp-content\/uploads\/2025\/11\/POSTER.png\" srcset=\"https:\/\/terepasteleria.directorio-comercial.com\/wp-content\/uploads\/2025\/11\/POSTER.png 1583w, https:\/\/terepasteleria.directorio-comercial.com\/wp-content\/uploads\/2025\/11\/POSTER-300x120.png 300w, https:\/\/terepasteleria.directorio-comercial.com\/wp-content\/uploads\/2025\/11\/POSTER-1024x411.png 1024w, https:\/\/terepasteleria.directorio-comercial.com\/wp-content\/uploads\/2025\/11\/POSTER-768x308.png 768w, https:\/\/terepasteleria.directorio-comercial.com\/wp-content\/uploads\/2025\/11\/POSTER-1536x616.png 1536w\" sizes=\"auto, (max-width: 1583px) 100vw, 1583px\" \/>\n<\/div>\n<\/div>\n\n\n\n<div class=\"wp-block-column is-layout-flow wp-block-column-is-layout-flow\" style=\"flex-basis:2%\"><\/div>\n<\/div>\n\n\n\n<div class=\"wp-block-group has-global-padding is-layout-constrained wp-block-group-is-layout-constrained\">\n<h2 class=\"wp-block-heading has-text-align-center\">Conoce un poco de nosotros <\/h2>\n<\/div>\n\n\n\n<div class=\"wp-block-group has-global-padding is-layout-constrained wp-container-core-group-is-layout-19e250f3 wp-block-group-is-layout-constrained\">\n<p class=\"gb-text gb-text-783d201c\">\u201cTere Pasteler\u00eda te ofrece pasteles y postres artesanales con dise\u00f1o impecable y sabor inigualable. Especialistas en creaciones personalizadas para tus momentos m\u00e1s importantes. Calidad, detalle y sabor en cada rebanada.\u201d<\/p>\n\n\n\n\n\n\n\n\n<\/div>\n","protected":false},"excerpt":{"rendered":"<p>Conoce un poco de nosotros \u201cTere Pasteler\u00eda te ofrece pasteles y postres artesanales con dise\u00f1o impecable y sabor inigualable. Especialistas en creaciones personalizadas para tus momentos m\u00e1s importantes. Calidad, detalle y sabor en cada rebanada.\u201d<\/p>\n","protected":false},"author":1,"featured_media":0,"parent":0,"menu_order":0,"comment_status":"closed","ping_status":"closed","template":"page-no-title","meta":{"_acf_changed":false,"footnotes":""},"class_list":["post-33","page","type-page","status-publish","hentry"],"acf":[],"_links":{"self":[{"href":"https:\/\/terepasteleria.directorio-comercial.com\/index.php?rest_route=\/wp\/v2\/pages\/33","targetHints":{"allow":["GET"]}}],"collection":[{"href":"https:\/\/terepasteleria.directorio-comercial.com\/index.php?rest_route=\/wp\/v2\/pages"}],"about":[{"href":"https:\/\/terepasteleria.directorio-comercial.com\/index.php?rest_route=\/wp\/v2\/types\/page"}],"author":[{"embeddable":true,"href":"https:\/\/terepasteleria.directorio-comercial.com\/index.php?rest_route=\/wp\/v2\/users\/1"}],"replies":[{"embeddable":true,"href":"https:\/\/terepasteleria.directorio-comercial.com\/index.php?rest_route=%2Fwp%2Fv2%2Fcomments&post=33"}],"version-history":[{"count":4,"href":"https:\/\/terepasteleria.directorio-comercial.com\/index.php?rest_route=\/wp\/v2\/pages\/33\/revisions"}],"predecessor-version":[{"id":112,"href":"https:\/\/terepasteleria.directorio-comercial.com\/index.php?rest_route=\/wp\/v2\/pages\/33\/revisions\/112"}],"wp:attachment":[{"href":"https:\/\/terepasteleria.directorio-comercial.com\/index.php?rest_route=%2Fwp%2Fv2%2Fmedia&parent=33"}],"curies":[{"name":"wp","href":"https:\/\/api.w.org\/{rel}","templated":true}]}}